{"id":78,"date":"2023-06-07T16:38:40","date_gmt":"2023-06-07T16:38:40","guid":{"rendered":"http:\/\/ccs.org.do\/dr\/?page_id=78"},"modified":"2024-02-05T13:22:46","modified_gmt":"2024-02-05T13:22:46","slug":"servicios","status":"publish","type":"page","link":"https:\/\/ccs.org.do\/dr\/servicios\/","title":{"rendered":""},"content":{"rendered":"\t\t<div data-elementor-type=\"wp-page\" data-elementor-id=\"78\" class=\"elementor elementor-78\" data-elementor-post-type=\"page\">\n\t\t\t\t\t\t<section class=\"elementor-section elementor-top-section elementor-element elementor-element-7e100d3 elementor-section-boxed elementor-section-height-default elementor-section-height-default\" data-id=\"7e100d3\" data-element_type=\"section\">\n\t\t\t\t\t\t<div class=\"elementor-container elementor-column-gap-default\">\n\t\t\t\t\t<div class=\"elementor-column elementor-col-16 elementor-top-column elementor-element elementor-element-1376077\" data-id=\"1376077\" data-element_type=\"column\">\n\t\t\t<div class=\"elementor-widget-wrap\">\n\t\t\t\t\t\t\t<\/div>\n\t\t<\/div>\n\t\t\t\t<div class=\"elementor-column elementor-col-66 elementor-top-column elementor-element elementor-element-ea813e9\" data-id=\"ea813e9\" data-element_type=\"column\">\n\t\t\t<div class=\"elementor-widget-wrap elementor-element-populated\">\n\t\t\t\t\t\t<div class=\"elementor-element elementor-element-a8834ee elementor-widget elementor-widget-heading\" data-id=\"a8834ee\" data-element_type=\"widget\" data-widget_type=\"heading.default\">\n\t\t\t\t<div class=\"elementor-widget-container\">\n\t\t\t\t\t<h2 class=\"elementor-heading-title elementor-size-default\">Nuestros Servicios<\/h2>\t\t\t\t<\/div>\n\t\t\t\t<\/div>\n\t\t\t\t\t<\/div>\n\t\t<\/div>\n\t\t\t\t<div class=\"elementor-column elementor-col-16 elementor-top-column elementor-element elementor-element-c216cb5\" data-id=\"c216cb5\" data-element_type=\"column\">\n\t\t\t<div class=\"elementor-widget-wrap\">\n\t\t\t\t\t\t\t<\/div>\n\t\t<\/div>\n\t\t\t\t\t<\/div>\n\t\t<\/section>\n\t\t\t\t<section class=\"elementor-section elementor-top-section elementor-element elementor-element-c7c7b2c elementor-section-boxed elementor-section-height-default elementor-section-height-default\" data-id=\"c7c7b2c\" data-element_type=\"section\">\n\t\t\t\t\t\t<div class=\"elementor-container elementor-column-gap-default\">\n\t\t\t\t\t<div class=\"elementor-column elementor-col-16 elementor-top-column elementor-element elementor-element-9993b3b\" data-id=\"9993b3b\" data-element_type=\"column\">\n\t\t\t<div class=\"elementor-widget-wrap\">\n\t\t\t\t\t\t\t<\/div>\n\t\t<\/div>\n\t\t\t\t<div class=\"elementor-column elementor-col-66 elementor-top-column elementor-element elementor-element-6b97706\" data-id=\"6b97706\" data-element_type=\"column\">\n\t\t\t<div class=\"elementor-widget-wrap elementor-element-populated\">\n\t\t\t\t\t\t<div class=\"elementor-element elementor-element-3a4991c elementor-widget elementor-widget-text-editor\" data-id=\"3a4991c\" data-element_type=\"widget\" data-widget_type=\"text-editor.default\">\n\t\t\t\t<div class=\"elementor-widget-container\">\n\t\t\t\t\t\t\t\t\t<h5>Bienvenidos a CARIBBEAN CLASSIFICATION SOCIETY CCS, INC. Nos complace ofrecer una amplia gama de servicios especializados en la clasificaci\u00f3n y certificaci\u00f3n de buques. Nuestro objetivo es brindar soluciones integrales y confiables para garantizar la seguridad, la calidad y el cumplimiento normativo en la industria mar\u00edtima. A continuaci\u00f3n, presentamos nuestros servicios principales:<\/h5>\t\t\t\t\t\t\t\t<\/div>\n\t\t\t\t<\/div>\n\t\t\t\t\t<\/div>\n\t\t<\/div>\n\t\t\t\t<div class=\"elementor-column elementor-col-16 elementor-top-column elementor-element elementor-element-12f2374\" data-id=\"12f2374\" data-element_type=\"column\">\n\t\t\t<div class=\"elementor-widget-wrap\">\n\t\t\t\t\t\t\t<\/div>\n\t\t<\/div>\n\t\t\t\t\t<\/div>\n\t\t<\/section>\n\t\t\t\t<section class=\"elementor-section elementor-top-section elementor-element elementor-element-17875b0 elementor-section-boxed elementor-section-height-default elementor-section-height-default\" data-id=\"17875b0\" data-element_type=\"section\">\n\t\t\t\t\t\t<div class=\"elementor-container elementor-column-gap-default\">\n\t\t\t\t\t<div class=\"elementor-column elementor-col-16 elementor-top-column elementor-element elementor-element-38c7f30\" data-id=\"38c7f30\" data-element_type=\"column\">\n\t\t\t<div class=\"elementor-widget-wrap\">\n\t\t\t\t\t\t\t<\/div>\n\t\t<\/div>\n\t\t\t\t<div class=\"elementor-column elementor-col-66 elementor-top-column elementor-element elementor-element-a769df1\" data-id=\"a769df1\" data-element_type=\"column\">\n\t\t\t<div class=\"elementor-widget-wrap elementor-element-populated\">\n\t\t\t\t\t\t<div class=\"elementor-element elementor-element-ceda98a elementor-widget elementor-widget-text-editor\" data-id=\"ceda98a\" data-element_type=\"widget\" data-widget_type=\"text-editor.default\">\n\t\t\t\t<div class=\"elementor-widget-container\">\n\t\t\t\t\t\t\t\t\t<ul><li><h5><span style=\"text-decoration: underline;\">Clasificaci\u00f3n de buques<\/span>: Evaluamos la construcci\u00f3n, el dise\u00f1o y el equipamiento de los buques para verificar el cumplimiento de los est\u00e1ndares t\u00e9cnicos y normativos establecidos. Emitimos certificados de clasificaci\u00f3n que demuestran la conformidad del buque con los requisitos aplicables.<\/h5><\/li><li><h5><span style=\"text-decoration: underline;\">Certificaci\u00f3n y verificaci\u00f3n<\/span>: Realizamos procesos de certificaci\u00f3n y verificaci\u00f3n para garantizar el cumplimiento de normas espec\u00edficas. Esto incluye la certificaci\u00f3n de sistemas de gesti\u00f3n de calidad, sistemas de gesti\u00f3n ambiental, sistemas de gesti\u00f3n de la seguridad, entre otros.<\/h5><\/li><li><h5><span style=\"text-decoration: underline;\">Inspecciones<\/span>: Llevamos a cabo inspecciones peri\u00f3dicas y especiales para evaluar el estado y la seguridad de los buques. Estas inspecciones pueden incluir revisiones de casco, maquinaria, sistemas el\u00e9ctricos, sistemas de extinci\u00f3n de incendios, sistemas de seguridad, entre otros.<\/h5><\/li><li><h5><span style=\"text-decoration: underline;\">Auditor\u00edas t\u00e9cnicas<\/span>: Realizamos auditor\u00edas t\u00e9cnicas para evaluar y verificar el cumplimiento de los requisitos legales y reglamentarios aplicables. Estas auditor\u00edas pueden abarcar \u00e1reas como la gesti\u00f3n de riesgos, la seguridad, el medio ambiente, la eficiencia energ\u00e9tica y la gesti\u00f3n de mantenimiento.<\/h5><\/li><li><h5><span style=\"text-decoration: underline;\">Asesoramiento t\u00e9cnico<\/span>: Brindamos asesoramiento especializado en diversos aspectos t\u00e9cnicos y de seguridad relacionados con los buques. Nuestros expertos est\u00e1n disponibles para ofrecer orientaci\u00f3n sobre dise\u00f1o y construcci\u00f3n, gesti\u00f3n de riesgos, cumplimiento normativo, mejoras de eficiencia y otros temas relevantes.<\/h5><\/li><li><h5><span style=\"text-decoration: underline;\">Evaluaci\u00f3n de riesgos<\/span>: Realizamos evaluaciones de riesgos para identificar y mitigar los peligros y riesgos asociados con las operaciones mar\u00edtimas. Esto incluye la evaluaci\u00f3n de riesgos de seguridad, riesgos ambientales, riesgos operacionales y riesgos relacionados con la salud y el bienestar de la tripulaci\u00f3n.<\/h5><\/li><li><h5><span style=\"text-decoration: underline;\">An\u00e1lisis de datos<\/span>: Utilizamos t\u00e9cnicas de an\u00e1lisis de datos y sistemas avanzados para recopilar, analizar y procesar informaci\u00f3n relacionada con el rendimiento de los buques. Esto nos permite identificar tendencias, \u00e1reas de mejora y oportunidades para optimizar la eficiencia y la seguridad de las operaciones.<\/h5><\/li><li><h5><span style=\"text-decoration: underline;\">Investigaci\u00f3n y desarrollo<\/span>: Invertimos en investigaci\u00f3n y desarrollo para impulsar la innovaci\u00f3n en el campo de la clasificaci\u00f3n de buques. Colaboramos con instituciones acad\u00e9micas, organismos de investigaci\u00f3n y la industria para desarrollar nuevas tecnolog\u00edas, normas y mejores pr\u00e1cticas.<\/h5><\/li><li><h5><span style=\"text-decoration: underline;\">Capacitaci\u00f3n y formaci\u00f3n<\/span>: Ofrecemos programas de capacitaci\u00f3n y formaci\u00f3n para profesionales de la industria mar\u00edtima. Estos programas abarcan una amplia gama de temas, como seguridad mar\u00edtima, gesti\u00f3n de riesgos, cumplimiento normativo, protecci\u00f3n del medio ambiente y mejores pr\u00e1cticas operativas.<\/h5><\/li><\/ul>\t\t\t\t\t\t\t\t<\/div>\n\t\t\t\t<\/div>\n\t\t\t\t\t<\/div>\n\t\t<\/div>\n\t\t\t\t<div class=\"elementor-column elementor-col-16 elementor-top-column elementor-element elementor-element-a5acad9\" data-id=\"a5acad9\" data-element_type=\"column\">\n\t\t\t<div class=\"elementor-widget-wrap\">\n\t\t\t\t\t\t\t<\/div>\n\t\t<\/div>\n\t\t\t\t\t<\/div>\n\t\t<\/section>\n\t\t\t\t<section class=\"elementor-section elementor-top-section elementor-element elementor-element-41cfe9f elementor-section-boxed elementor-section-height-default elementor-section-height-default\" data-id=\"41cfe9f\" data-element_type=\"section\">\n\t\t\t\t\t\t<div class=\"elementor-container elementor-column-gap-default\">\n\t\t\t\t\t<div class=\"elementor-column elementor-col-16 elementor-top-column elementor-element elementor-element-4059cad\" data-id=\"4059cad\" data-element_type=\"column\">\n\t\t\t<div class=\"elementor-widget-wrap\">\n\t\t\t\t\t\t\t<\/div>\n\t\t<\/div>\n\t\t\t\t<div class=\"elementor-column elementor-col-66 elementor-top-column elementor-element elementor-element-8539bf0\" data-id=\"8539bf0\" data-element_type=\"column\">\n\t\t\t<div class=\"elementor-widget-wrap elementor-element-populated\">\n\t\t\t\t\t\t<div class=\"elementor-element elementor-element-5d3ccf3 elementor-widget elementor-widget-text-editor\" data-id=\"5d3ccf3\" data-element_type=\"widget\" data-widget_type=\"text-editor.default\">\n\t\t\t\t<div class=\"elementor-widget-container\">\n\t\t\t\t\t\t\t\t\t<h5>En CARIBBEAN CLASSIFICATION SOCIETY CCS, INC., nos enorgullece ofrecer servicios completos y personalizados para atender las necesidades de clasificaci\u00f3n y certificaci\u00f3n de buques. Nuestro compromiso es brindar soluciones confiables y de calidad que ayuden a garantizar la seguridad, la eficiencia y la sostenibilidad en la industria mar\u00edtima.<\/h5>\t\t\t\t\t\t\t\t<\/div>\n\t\t\t\t<\/div>\n\t\t\t\t\t<\/div>\n\t\t<\/div>\n\t\t\t\t<div class=\"elementor-column elementor-col-16 elementor-top-column elementor-element elementor-element-f98e4a4\" data-id=\"f98e4a4\" data-element_type=\"column\">\n\t\t\t<div class=\"elementor-widget-wrap\">\n\t\t\t\t\t\t\t<\/div>\n\t\t<\/div>\n\t\t\t\t\t<\/div>\n\t\t<\/section>\n\t\t\t\t<\/div>\n\t\t","protected":false},"excerpt":{"rendered":"<p>Nuestros Servicios Bienvenidos a CARIBBEAN CLASSIFICATION SOCIETY CCS, INC. Nos complace ofrecer una amplia gama de servicios especializados en la clasificaci\u00f3n y certificaci\u00f3n de buques. Nuestro objetivo es brindar soluciones integrales y confiables para garantizar la seguridad, la calidad y el cumplimiento normativo en la industria mar\u00edtima. A continuaci\u00f3n, presentamos nuestros servicios principales: Clasificaci\u00f3n de [&hellip;]<\/p>\n","protected":false},"author":3,"featured_media":0,"parent":0,"menu_order":0,"comment_status":"closed","ping_status":"closed","template":"","meta":{"footnotes":""},"class_list":["post-78","page","type-page","status-publish","hentry"],"blocksy_meta":[],"yoast_head":"<!-- This site is optimized with the Yoast SEO plugin v25.4 - https:\/\/yoast.com\/wordpress\/plugins\/seo\/ -->\n<title>- Caribbean Classification Society CCS, Inc.<\/title>\n<meta name=\"robots\" content=\"index, follow, max-snippet:-1, max-image-preview:large, max-video-preview:-1\" \/>\n<link rel=\"canonical\" href=\"https:\/\/ccs.org.do\/dr\/servicios\/\" \/>\n<meta property=\"og:locale\" content=\"es_ES\" \/>\n<meta property=\"og:type\" content=\"article\" \/>\n<meta property=\"og:title\" content=\"- Caribbean Classification Society CCS, Inc.\" \/>\n<meta property=\"og:description\" content=\"Nuestros Servicios Bienvenidos a CARIBBEAN CLASSIFICATION SOCIETY CCS, INC. Nos complace ofrecer una amplia gama de servicios especializados en la clasificaci\u00f3n y certificaci\u00f3n de buques. Nuestro objetivo es brindar soluciones integrales y confiables para garantizar la seguridad, la calidad y el cumplimiento normativo en la industria mar\u00edtima. A continuaci\u00f3n, presentamos nuestros servicios principales: Clasificaci\u00f3n de [&hellip;]\" \/>\n<meta property=\"og:url\" content=\"https:\/\/ccs.org.do\/dr\/servicios\/\" \/>\n<meta property=\"og:site_name\" content=\"Caribbean Classification Society CCS, Inc.\" \/>\n<meta property=\"article:modified_time\" content=\"2024-02-05T13:22:46+00:00\" \/>\n<meta name=\"twitter:card\" content=\"summary_large_image\" \/>\n<meta name=\"twitter:label1\" content=\"Tiempo de lectura\" \/>\n\t<meta name=\"twitter:data1\" content=\"3 minutos\" \/>\n<script type=\"application\/ld+json\" class=\"yoast-schema-graph\">{\"@context\":\"https:\/\/schema.org\",\"@graph\":[{\"@type\":\"WebPage\",\"@id\":\"https:\/\/ccs.org.do\/dr\/servicios\/\",\"url\":\"https:\/\/ccs.org.do\/dr\/servicios\/\",\"name\":\"- Caribbean Classification Society CCS, Inc.\",\"isPartOf\":{\"@id\":\"https:\/\/ccs.org.do\/dr\/#website\"},\"datePublished\":\"2023-06-07T16:38:40+00:00\",\"dateModified\":\"2024-02-05T13:22:46+00:00\",\"breadcrumb\":{\"@id\":\"https:\/\/ccs.org.do\/dr\/servicios\/#breadcrumb\"},\"inLanguage\":\"es\",\"potentialAction\":[{\"@type\":\"ReadAction\",\"target\":[\"https:\/\/ccs.org.do\/dr\/servicios\/\"]}]},{\"@type\":\"BreadcrumbList\",\"@id\":\"https:\/\/ccs.org.do\/dr\/servicios\/#breadcrumb\",\"itemListElement\":[]},{\"@type\":\"WebSite\",\"@id\":\"https:\/\/ccs.org.do\/dr\/#website\",\"url\":\"https:\/\/ccs.org.do\/dr\/\",\"name\":\"Caribbean Classification Society CCS, Inc.\",\"description\":\"Clasificaci\u00f3n de Buques y Seguridad Mar\u00edtima\",\"publisher\":{\"@id\":\"https:\/\/ccs.org.do\/dr\/#organization\"},\"potentialAction\":[{\"@type\":\"SearchAction\",\"target\":{\"@type\":\"EntryPoint\",\"urlTemplate\":\"https:\/\/ccs.org.do\/dr\/?s={search_term_string}\"},\"query-input\":{\"@type\":\"PropertyValueSpecification\",\"valueRequired\":true,\"valueName\":\"search_term_string\"}}],\"inLanguage\":\"es\"},{\"@type\":\"Organization\",\"@id\":\"https:\/\/ccs.org.do\/dr\/#organization\",\"name\":\"Caribbean Classification Society CCS, Inc.\",\"url\":\"https:\/\/ccs.org.do\/dr\/\",\"logo\":{\"@type\":\"ImageObject\",\"inLanguage\":\"es\",\"@id\":\"https:\/\/ccs.org.do\/dr\/#\/schema\/logo\/image\/\",\"url\":\"https:\/\/ccs.org.do\/dr\/wp-content\/uploads\/2023\/06\/CCS-Logo-200x78-1.png\",\"contentUrl\":\"https:\/\/ccs.org.do\/dr\/wp-content\/uploads\/2023\/06\/CCS-Logo-200x78-1.png\",\"width\":200,\"height\":78,\"caption\":\"Caribbean Classification Society CCS, Inc.\"},\"image\":{\"@id\":\"https:\/\/ccs.org.do\/dr\/#\/schema\/logo\/image\/\"}}]}<\/script>\n<!-- \/ Yoast SEO plugin. -->","yoast_head_json":{"title":"- Caribbean Classification Society CCS, Inc.","robots":{"index":"index","follow":"follow","max-snippet":"max-snippet:-1","max-image-preview":"max-image-preview:large","max-video-preview":"max-video-preview:-1"},"canonical":"https:\/\/ccs.org.do\/dr\/servicios\/","og_locale":"es_ES","og_type":"article","og_title":"- Caribbean Classification Society CCS, Inc.","og_description":"Nuestros Servicios Bienvenidos a CARIBBEAN CLASSIFICATION SOCIETY CCS, INC. Nos complace ofrecer una amplia gama de servicios especializados en la clasificaci\u00f3n y certificaci\u00f3n de buques. Nuestro objetivo es brindar soluciones integrales y confiables para garantizar la seguridad, la calidad y el cumplimiento normativo en la industria mar\u00edtima. A continuaci\u00f3n, presentamos nuestros servicios principales: Clasificaci\u00f3n de [&hellip;]","og_url":"https:\/\/ccs.org.do\/dr\/servicios\/","og_site_name":"Caribbean Classification Society CCS, Inc.","article_modified_time":"2024-02-05T13:22:46+00:00","twitter_card":"summary_large_image","twitter_misc":{"Tiempo de lectura":"3 minutos"},"schema":{"@context":"https:\/\/schema.org","@graph":[{"@type":"WebPage","@id":"https:\/\/ccs.org.do\/dr\/servicios\/","url":"https:\/\/ccs.org.do\/dr\/servicios\/","name":"- Caribbean Classification Society CCS, Inc.","isPartOf":{"@id":"https:\/\/ccs.org.do\/dr\/#website"},"datePublished":"2023-06-07T16:38:40+00:00","dateModified":"2024-02-05T13:22:46+00:00","breadcrumb":{"@id":"https:\/\/ccs.org.do\/dr\/servicios\/#breadcrumb"},"inLanguage":"es","potentialAction":[{"@type":"ReadAction","target":["https:\/\/ccs.org.do\/dr\/servicios\/"]}]},{"@type":"BreadcrumbList","@id":"https:\/\/ccs.org.do\/dr\/servicios\/#breadcrumb","itemListElement":[]},{"@type":"WebSite","@id":"https:\/\/ccs.org.do\/dr\/#website","url":"https:\/\/ccs.org.do\/dr\/","name":"Caribbean Classification Society CCS, Inc.","description":"Clasificaci\u00f3n de Buques y Seguridad Mar\u00edtima","publisher":{"@id":"https:\/\/ccs.org.do\/dr\/#organization"},"potentialAction":[{"@type":"SearchAction","target":{"@type":"EntryPoint","urlTemplate":"https:\/\/ccs.org.do\/dr\/?s={search_term_string}"},"query-input":{"@type":"PropertyValueSpecification","valueRequired":true,"valueName":"search_term_string"}}],"inLanguage":"es"},{"@type":"Organization","@id":"https:\/\/ccs.org.do\/dr\/#organization","name":"Caribbean Classification Society CCS, Inc.","url":"https:\/\/ccs.org.do\/dr\/","logo":{"@type":"ImageObject","inLanguage":"es","@id":"https:\/\/ccs.org.do\/dr\/#\/schema\/logo\/image\/","url":"https:\/\/ccs.org.do\/dr\/wp-content\/uploads\/2023\/06\/CCS-Logo-200x78-1.png","contentUrl":"https:\/\/ccs.org.do\/dr\/wp-content\/uploads\/2023\/06\/CCS-Logo-200x78-1.png","width":200,"height":78,"caption":"Caribbean Classification Society CCS, Inc."},"image":{"@id":"https:\/\/ccs.org.do\/dr\/#\/schema\/logo\/image\/"}}]}},"_links":{"self":[{"href":"https:\/\/ccs.org.do\/dr\/wp-json\/wp\/v2\/pages\/78","targetHints":{"allow":["GET"]}}],"collection":[{"href":"https:\/\/ccs.org.do\/dr\/wp-json\/wp\/v2\/pages"}],"about":[{"href":"https:\/\/ccs.org.do\/dr\/wp-json\/wp\/v2\/types\/page"}],"author":[{"embeddable":true,"href":"https:\/\/ccs.org.do\/dr\/wp-json\/wp\/v2\/users\/3"}],"replies":[{"embeddable":true,"href":"https:\/\/ccs.org.do\/dr\/wp-json\/wp\/v2\/comments?post=78"}],"version-history":[{"count":19,"href":"https:\/\/ccs.org.do\/dr\/wp-json\/wp\/v2\/pages\/78\/revisions"}],"predecessor-version":[{"id":155,"href":"https:\/\/ccs.org.do\/dr\/wp-json\/wp\/v2\/pages\/78\/revisions\/155"}],"wp:attachment":[{"href":"https:\/\/ccs.org.do\/dr\/wp-json\/wp\/v2\/media?parent=78"}],"curies":[{"name":"wp","href":"https:\/\/api.w.org\/{rel}","templated":true}]}}