{"id":28,"date":"2023-06-06T19:28:24","date_gmt":"2023-06-06T19:28:24","guid":{"rendered":"http:\/\/ccs.org.do\/dr\/?page_id=28"},"modified":"2024-02-05T13:27:47","modified_gmt":"2024-02-05T13:27:47","slug":"contactos","status":"publish","type":"page","link":"https:\/\/ccs.org.do\/dr\/contactos\/","title":{"rendered":"Nuestros Contactos"},"content":{"rendered":"\t\t<div data-elementor-type=\"wp-page\" data-elementor-id=\"28\" class=\"elementor elementor-28\" data-elementor-post-type=\"page\">\n\t\t\t\t\t\t<section class=\"elementor-section elementor-top-section elementor-element elementor-element-789b329d elementor-section-boxed elementor-section-height-default elementor-section-height-default\" data-id=\"789b329d\" data-element_type=\"section\">\n\t\t\t\t\t\t<div class=\"elementor-container elementor-column-gap-default\">\n\t\t\t\t\t<div class=\"elementor-column elementor-col-100 elementor-top-column elementor-element elementor-element-2e866ca7\" data-id=\"2e866ca7\" data-element_type=\"column\">\n\t\t\t<div class=\"elementor-widget-wrap elementor-element-populated\">\n\t\t\t\t\t\t<div class=\"elementor-element elementor-element-b843211 elementor-widget elementor-widget-text-editor\" data-id=\"b843211\" data-element_type=\"widget\" data-widget_type=\"text-editor.default\">\n\t\t\t\t<div class=\"elementor-widget-container\">\n\t\t\t\t\t\t\t\t\t\n<h5>\u00bfTienes alguna pregunta, necesitas m\u00e1s informaci\u00f3n o est\u00e1s interesado en nuestros servicios? \u00a1No dudes en ponerte en contacto con nosotros! En CARIBBEAN CLASSIFICATION SOCIETY CCS, INC., estamos aqu\u00ed para ayudarte y proporcionarte la asistencia que necesitas en la clasificaci\u00f3n y certificaci\u00f3n de buques.<\/h5>\n<h5><\/h5>\n<h5>Puedes comunicarte con nuestro equipo a trav\u00e9s de los siguientes medios:<\/h5>\n<h5><\/h5>\n<h5><strong>Formulario de contacto en l\u00ednea:<\/strong> Visita nuestra p\u00e1gina web y completa el formulario de contacto en l\u00ednea. Simplemente ingresa tu nombre, direcci\u00f3n de correo electr\u00f3nico y mensaje, y nos pondremos en contacto contigo a la brevedad posible.<\/h5>\n<h5><\/h5>\n<h5 class=\"wp-block-contact-form-7-contact-form-selector\">\n<div class=\"wpcf7 no-js\" id=\"wpcf7-f76-o1\" lang=\"es-ES\" dir=\"ltr\" data-wpcf7-id=\"76\">\n<div class=\"screen-reader-response\"><p role=\"status\" aria-live=\"polite\" aria-atomic=\"true\"><\/p> <ul><\/ul><\/div>\n<form action=\"\/dr\/wp-json\/wp\/v2\/pages\/28#wpcf7-f76-o1\" method=\"post\" class=\"wpcf7-form init\" aria-label=\"Formulario de contacto\" novalidate=\"novalidate\" data-status=\"init\">\n<fieldset class=\"hidden-fields-container\"><input type=\"hidden\" name=\"_wpcf7\" value=\"76\" \/><input type=\"hidden\" name=\"_wpcf7_version\" value=\"6.1\" \/><input type=\"hidden\" name=\"_wpcf7_locale\" value=\"es_ES\" \/><input type=\"hidden\" name=\"_wpcf7_unit_tag\" value=\"wpcf7-f76-o1\" \/><input type=\"hidden\" name=\"_wpcf7_container_post\" value=\"0\" \/><input type=\"hidden\" name=\"_wpcf7_posted_data_hash\" value=\"\" \/>\n<\/fieldset>\n<p><label> Tu nombre<br \/>\n<span class=\"wpcf7-form-control-wrap\" data-name=\"your-name\"><input size=\"40\" maxlength=\"400\" class=\"wpcf7-form-control wpcf7-text wpcf7-validates-as-required\" autocomplete=\"name\" aria-required=\"true\" aria-invalid=\"false\" value=\"\" type=\"text\" name=\"your-name\" \/><\/span> <\/label>\n<\/p>\n<p><label> Tu correo electr\u00f3nico<br \/>\n<span class=\"wpcf7-form-control-wrap\" data-name=\"your-email\"><input size=\"40\" maxlength=\"400\" class=\"wpcf7-form-control wpcf7-email wpcf7-validates-as-required wpcf7-text wpcf7-validates-as-email\" autocomplete=\"email\" aria-required=\"true\" aria-invalid=\"false\" value=\"\" type=\"email\" name=\"your-email\" \/><\/span> <\/label>\n<\/p>\n<p><label> Asunto<br \/>\n<span class=\"wpcf7-form-control-wrap\" data-name=\"your-subject\"><input size=\"40\" maxlength=\"400\" class=\"wpcf7-form-control wpcf7-text wpcf7-validates-as-required\" aria-required=\"true\" aria-invalid=\"false\" value=\"\" type=\"text\" name=\"your-subject\" \/><\/span> <\/label>\n<\/p>\n<p><label> Tu mensaje (opcional)<br \/>\n<span class=\"wpcf7-form-control-wrap\" data-name=\"your-message\"><textarea cols=\"40\" rows=\"10\" maxlength=\"2000\" class=\"wpcf7-form-control wpcf7-textarea\" aria-invalid=\"false\" name=\"your-message\"><\/textarea><\/span> <\/label>\n<\/p>\n<p><input class=\"wpcf7-form-control wpcf7-submit has-spinner\" type=\"submit\" value=\"Enviar\" \/>\n<\/p>\n<p>Este formulario usa Akismet para reducir el spam. <a target=\"_blank\" rel=\"nofollow noopener\" href=\"https:\/\/akismet.com\/privacy\/\">Aprende c\u00f3mo se procesan tus datos.<\/a>\n<\/p><p style=\"display: none !important;\" class=\"akismet-fields-container\" data-prefix=\"_wpcf7_ak_\"><label>&#916;<textarea name=\"_wpcf7_ak_hp_textarea\" cols=\"45\" rows=\"8\" maxlength=\"100\"><\/textarea><\/label><input type=\"hidden\" id=\"ak_js_1\" name=\"_wpcf7_ak_js\" value=\"86\"\/><script>document.getElementById( \"ak_js_1\" ).setAttribute( \"value\", ( new Date() ).getTime() );<\/script><\/p><div class=\"wpcf7-response-output\" aria-hidden=\"true\"><\/div>\n<\/form>\n<\/div>\n<\/h5>\n<h5><\/h5>\n<h5><strong>N\u00fameros de tel\u00e9fono:<\/strong> Contamos con l\u00edneas telef\u00f3nicas dedicadas para atender tus consultas. Puedes comunicarte con nosotros al n\u00famero +1 [829] 826 5752, y nuestro equipo estar\u00e1 encantado de ayudarte o nos puede contactar a traves de los medios sociales con el usuario @ccsorgdo.<\/h5>\n<h5><\/h5>\n<h5><strong>Correo electr\u00f3nico:<\/strong> Si prefieres comunicarte por correo electr\u00f3nico, puedes enviarnos un mensaje a<a href=\"mailto:info@ccs.org.do\"> info@ccs.org.do<\/a>. Estaremos encantados de responder a tus preguntas y proporcionarte la informaci\u00f3n necesaria.<\/h5>\n<h5><\/h5>\n<h5><strong>Vis\u00edtanos en nuestras oficinas:<\/strong> Si deseas reunirte en persona, te invitamos a visitarnos en nuestras oficinas ubicadas en la Calle 13 N\u00fam. 24, Urbanizacai\u00f3n Villa Carmen, Municipio Este de la Provincia de Santo Domingo, Rep\u00fablica Dominicana. Nuestro equipo estar\u00e1 encantado de recibirte y discutir tus necesidades y requerimientos en detalle.<\/h5>\n<h5><\/h5>\n<h5>No importa cu\u00e1l sea tu consulta o solicitud, nuestro equipo altamente capacitado y experimentado est\u00e1 listo para brindarte un servicio profesional y atenci\u00f3n personalizada. En CARIBBEAN CLASSIFICATION SOCIETY CCS, INC., valoramos tu inter\u00e9s y estamos comprometidos a ofrecerte soluciones eficientes y confiables.<\/h5>\n<h5><\/h5>\n<h5>\u00a1Esperamos tener noticias tuyas pronto!<\/h5>\n\t\t\t\t\t\t\t\t<\/div>\n\t\t\t\t<\/div>\n\t\t\t\t\t<\/div>\n\t\t<\/div>\n\t\t\t\t\t<\/div>\n\t\t<\/section>\n\t\t\t\t<\/div>\n\t\t","protected":false},"excerpt":{"rendered":"<p>\u00bfTienes alguna pregunta, necesitas m\u00e1s informaci\u00f3n o est\u00e1s interesado en nuestros servicios? \u00a1No dudes en ponerte en contacto con nosotros! En CARIBBEAN CLASSIFICATION SOCIETY CCS, INC., estamos aqu\u00ed para ayudarte y proporcionarte la asistencia que necesitas en la clasificaci\u00f3n y certificaci\u00f3n de buques. Puedes comunicarte con nuestro equipo a trav\u00e9s de los siguientes medios: Formulario [&hellip;]<\/p>\n","protected":false},"author":2,"featured_media":0,"parent":0,"menu_order":0,"comment_status":"closed","ping_status":"closed","template":"","meta":{"footnotes":""},"class_list":["post-28","page","type-page","status-publish","hentry"],"blocksy_meta":[],"yoast_head":"<!-- This site is optimized with the Yoast SEO plugin v25.4 - https:\/\/yoast.com\/wordpress\/plugins\/seo\/ -->\n<title>Nuestros Contactos - Caribbean Classification Society CCS, Inc.<\/title>\n<meta name=\"robots\" content=\"index, follow, max-snippet:-1, max-image-preview:large, max-video-preview:-1\" \/>\n<link rel=\"canonical\" href=\"https:\/\/ccs.org.do\/dr\/contactos\/\" \/>\n<meta property=\"og:locale\" content=\"es_ES\" \/>\n<meta property=\"og:type\" content=\"article\" \/>\n<meta property=\"og:title\" content=\"Nuestros Contactos - Caribbean Classification Society CCS, Inc.\" \/>\n<meta property=\"og:description\" content=\"\u00bfTienes alguna pregunta, necesitas m\u00e1s informaci\u00f3n o est\u00e1s interesado en nuestros servicios? \u00a1No dudes en ponerte en contacto con nosotros! En CARIBBEAN CLASSIFICATION SOCIETY CCS, INC., estamos aqu\u00ed para ayudarte y proporcionarte la asistencia que necesitas en la clasificaci\u00f3n y certificaci\u00f3n de buques. Puedes comunicarte con nuestro equipo a trav\u00e9s de los siguientes medios: Formulario [&hellip;]\" \/>\n<meta property=\"og:url\" content=\"https:\/\/ccs.org.do\/dr\/contactos\/\" \/>\n<meta property=\"og:site_name\" content=\"Caribbean Classification Society CCS, Inc.\" \/>\n<meta property=\"article:modified_time\" content=\"2024-02-05T13:27:47+00:00\" \/>\n<meta name=\"twitter:card\" content=\"summary_large_image\" \/>\n<meta name=\"twitter:label1\" content=\"Tiempo de lectura\" \/>\n\t<meta name=\"twitter:data1\" content=\"2 minutos\" \/>\n<script type=\"application\/ld+json\" class=\"yoast-schema-graph\">{\"@context\":\"https:\/\/schema.org\",\"@graph\":[{\"@type\":\"WebPage\",\"@id\":\"https:\/\/ccs.org.do\/dr\/contactos\/\",\"url\":\"https:\/\/ccs.org.do\/dr\/contactos\/\",\"name\":\"Nuestros Contactos - Caribbean Classification Society CCS, Inc.\",\"isPartOf\":{\"@id\":\"https:\/\/ccs.org.do\/dr\/#website\"},\"datePublished\":\"2023-06-06T19:28:24+00:00\",\"dateModified\":\"2024-02-05T13:27:47+00:00\",\"inLanguage\":\"es\",\"potentialAction\":[{\"@type\":\"ReadAction\",\"target\":[\"https:\/\/ccs.org.do\/dr\/contactos\/\"]}]},{\"@type\":\"WebSite\",\"@id\":\"https:\/\/ccs.org.do\/dr\/#website\",\"url\":\"https:\/\/ccs.org.do\/dr\/\",\"name\":\"Caribbean Classification Society CCS, Inc.\",\"description\":\"Clasificaci\u00f3n de Buques y Seguridad Mar\u00edtima\",\"publisher\":{\"@id\":\"https:\/\/ccs.org.do\/dr\/#organization\"},\"potentialAction\":[{\"@type\":\"SearchAction\",\"target\":{\"@type\":\"EntryPoint\",\"urlTemplate\":\"https:\/\/ccs.org.do\/dr\/?s={search_term_string}\"},\"query-input\":{\"@type\":\"PropertyValueSpecification\",\"valueRequired\":true,\"valueName\":\"search_term_string\"}}],\"inLanguage\":\"es\"},{\"@type\":\"Organization\",\"@id\":\"https:\/\/ccs.org.do\/dr\/#organization\",\"name\":\"Caribbean Classification Society CCS, Inc.\",\"url\":\"https:\/\/ccs.org.do\/dr\/\",\"logo\":{\"@type\":\"ImageObject\",\"inLanguage\":\"es\",\"@id\":\"https:\/\/ccs.org.do\/dr\/#\/schema\/logo\/image\/\",\"url\":\"https:\/\/ccs.org.do\/dr\/wp-content\/uploads\/2023\/06\/CCS-Logo-200x78-1.png\",\"contentUrl\":\"https:\/\/ccs.org.do\/dr\/wp-content\/uploads\/2023\/06\/CCS-Logo-200x78-1.png\",\"width\":200,\"height\":78,\"caption\":\"Caribbean Classification Society CCS, Inc.\"},\"image\":{\"@id\":\"https:\/\/ccs.org.do\/dr\/#\/schema\/logo\/image\/\"}}]}<\/script>\n<!-- \/ Yoast SEO plugin. -->","yoast_head_json":{"title":"Nuestros Contactos - Caribbean Classification Society CCS, Inc.","robots":{"index":"index","follow":"follow","max-snippet":"max-snippet:-1","max-image-preview":"max-image-preview:large","max-video-preview":"max-video-preview:-1"},"canonical":"https:\/\/ccs.org.do\/dr\/contactos\/","og_locale":"es_ES","og_type":"article","og_title":"Nuestros Contactos - Caribbean Classification Society CCS, Inc.","og_description":"\u00bfTienes alguna pregunta, necesitas m\u00e1s informaci\u00f3n o est\u00e1s interesado en nuestros servicios? \u00a1No dudes en ponerte en contacto con nosotros! En CARIBBEAN CLASSIFICATION SOCIETY CCS, INC., estamos aqu\u00ed para ayudarte y proporcionarte la asistencia que necesitas en la clasificaci\u00f3n y certificaci\u00f3n de buques. Puedes comunicarte con nuestro equipo a trav\u00e9s de los siguientes medios: Formulario [&hellip;]","og_url":"https:\/\/ccs.org.do\/dr\/contactos\/","og_site_name":"Caribbean Classification Society CCS, Inc.","article_modified_time":"2024-02-05T13:27:47+00:00","twitter_card":"summary_large_image","twitter_misc":{"Tiempo de lectura":"2 minutos"},"schema":{"@context":"https:\/\/schema.org","@graph":[{"@type":"WebPage","@id":"https:\/\/ccs.org.do\/dr\/contactos\/","url":"https:\/\/ccs.org.do\/dr\/contactos\/","name":"Nuestros Contactos - Caribbean Classification Society CCS, Inc.","isPartOf":{"@id":"https:\/\/ccs.org.do\/dr\/#website"},"datePublished":"2023-06-06T19:28:24+00:00","dateModified":"2024-02-05T13:27:47+00:00","inLanguage":"es","potentialAction":[{"@type":"ReadAction","target":["https:\/\/ccs.org.do\/dr\/contactos\/"]}]},{"@type":"WebSite","@id":"https:\/\/ccs.org.do\/dr\/#website","url":"https:\/\/ccs.org.do\/dr\/","name":"Caribbean Classification Society CCS, Inc.","description":"Clasificaci\u00f3n de Buques y Seguridad Mar\u00edtima","publisher":{"@id":"https:\/\/ccs.org.do\/dr\/#organization"},"potentialAction":[{"@type":"SearchAction","target":{"@type":"EntryPoint","urlTemplate":"https:\/\/ccs.org.do\/dr\/?s={search_term_string}"},"query-input":{"@type":"PropertyValueSpecification","valueRequired":true,"valueName":"search_term_string"}}],"inLanguage":"es"},{"@type":"Organization","@id":"https:\/\/ccs.org.do\/dr\/#organization","name":"Caribbean Classification Society CCS, Inc.","url":"https:\/\/ccs.org.do\/dr\/","logo":{"@type":"ImageObject","inLanguage":"es","@id":"https:\/\/ccs.org.do\/dr\/#\/schema\/logo\/image\/","url":"https:\/\/ccs.org.do\/dr\/wp-content\/uploads\/2023\/06\/CCS-Logo-200x78-1.png","contentUrl":"https:\/\/ccs.org.do\/dr\/wp-content\/uploads\/2023\/06\/CCS-Logo-200x78-1.png","width":200,"height":78,"caption":"Caribbean Classification Society CCS, Inc."},"image":{"@id":"https:\/\/ccs.org.do\/dr\/#\/schema\/logo\/image\/"}}]}},"_links":{"self":[{"href":"https:\/\/ccs.org.do\/dr\/wp-json\/wp\/v2\/pages\/28","targetHints":{"allow":["GET"]}}],"collection":[{"href":"https:\/\/ccs.org.do\/dr\/wp-json\/wp\/v2\/pages"}],"about":[{"href":"https:\/\/ccs.org.do\/dr\/wp-json\/wp\/v2\/types\/page"}],"author":[{"embeddable":true,"href":"https:\/\/ccs.org.do\/dr\/wp-json\/wp\/v2\/users\/2"}],"replies":[{"embeddable":true,"href":"https:\/\/ccs.org.do\/dr\/wp-json\/wp\/v2\/comments?post=28"}],"version-history":[{"count":10,"href":"https:\/\/ccs.org.do\/dr\/wp-json\/wp\/v2\/pages\/28\/revisions"}],"predecessor-version":[{"id":161,"href":"https:\/\/ccs.org.do\/dr\/wp-json\/wp\/v2\/pages\/28\/revisions\/161"}],"wp:attachment":[{"href":"https:\/\/ccs.org.do\/dr\/wp-json\/wp\/v2\/media?parent=28"}],"curies":[{"name":"wp","href":"https:\/\/api.w.org\/{rel}","templated":true}]}}